{"id":12,"date":"2021-09-24T21:31:41","date_gmt":"2021-09-24T19:31:41","guid":{"rendered":"http:\/\/agielectricite.fr\/?page_id=12"},"modified":"2023-03-11T14:36:11","modified_gmt":"2023-03-11T13:36:11","slug":"accueil","status":"publish","type":"page","link":"https:\/\/agielectricite.fr\/","title":{"rendered":"ACCUEIL"},"content":{"rendered":"\n<p>Pour vos projets nous vous accompagnerons que ce soit pour une <strong>r\u00e9novation \u00e9lectrique<\/strong>, une <strong>remise aux normes<\/strong> une <strong>\u00e9tude de chauffage<\/strong> ou tout autre installation comme en <strong>interphone vid\u00e9o<\/strong>,VMC simple ou double flux&nbsp; r\u00e9ception t\u00e9l\u00e9vision ou <strong>baie de brassage<\/strong> informatique que ce soit pour <strong>habitat, les collectivit\u00e9s ou le tertiaire&nbsp;<\/strong><\/p>\n\n\n\n<p>Nous vous assurons un travail de qualit\u00e9 \u00e0 la hauteur de vos exigences et dans le respect des normes en vigueur avec des produits de qualit\u00e9.<\/p>\n\n\n\n<p>Labels de l&rsquo;entreprise : RGE QUALIPAC, QUALIFELEC, QUALIPV, F-GAZ<\/p>\n\n\n\n<p><\/p>\n\n\n\n<p><\/p>\n\n\n\n<p><\/p>\n\n\n\n<div class=\"wp-block-group alignwide\"><div class=\"wp-block-group__inner-container is-layout-flow wp-block-group-is-layout-flow\">\n<h2 class=\"wp-block-heading\"><\/h2>\n<\/div><\/div>\n\n\n\n<p><\/p>\n","protected":false},"excerpt":{"rendered":"<p>Pour vos projets nous vous accompagnerons que ce soit pour une r\u00e9novation \u00e9lectrique, une remise aux normes une \u00e9tude de chauffage ou tout autre installation comme en interphone vid\u00e9o,VMC simple ou double flux&nbsp; r\u00e9ception t\u00e9l\u00e9vision ou baie de brassage informatique que ce soit pour habitat, les collectivit\u00e9s ou le tertiaire&nbsp; Nous vous assurons un travail&hellip; <br \/> <a class=\"read-more\" href=\"https:\/\/agielectricite.fr\/\">Lire la suite<\/a><\/p>\n","protected":false},"author":1,"featured_media":74,"parent":0,"menu_order":0,"comment_status":"closed","ping_status":"closed","template":"","meta":{"footnotes":""},"class_list":["post-12","page","type-page","status-publish","has-post-thumbnail","hentry"],"_links":{"self":[{"href":"https:\/\/agielectricite.fr\/index.php\/wp-json\/wp\/v2\/pages\/12","targetHints":{"allow":["GET"]}}],"collection":[{"href":"https:\/\/agielectricite.fr\/index.php\/wp-json\/wp\/v2\/pages"}],"about":[{"href":"https:\/\/agielectricite.fr\/index.php\/wp-json\/wp\/v2\/types\/page"}],"author":[{"embeddable":true,"href":"https:\/\/agielectricite.fr\/index.php\/wp-json\/wp\/v2\/users\/1"}],"replies":[{"embeddable":true,"href":"https:\/\/agielectricite.fr\/index.php\/wp-json\/wp\/v2\/comments?post=12"}],"version-history":[{"count":25,"href":"https:\/\/agielectricite.fr\/index.php\/wp-json\/wp\/v2\/pages\/12\/revisions"}],"predecessor-version":[{"id":201,"href":"https:\/\/agielectricite.fr\/index.php\/wp-json\/wp\/v2\/pages\/12\/revisions\/201"}],"wp:featuredmedia":[{"embeddable":true,"href":"https:\/\/agielectricite.fr\/index.php\/wp-json\/wp\/v2\/media\/74"}],"wp:attachment":[{"href":"https:\/\/agielectricite.fr\/index.php\/wp-json\/wp\/v2\/media?parent=12"}],"curies":[{"name":"wp","href":"https:\/\/api.w.org\/{rel}","templated":true}]}}